{"id":5838,"date":"2025-08-24T15:36:50","date_gmt":"2025-08-24T12:36:50","guid":{"rendered":"https:\/\/kriminalbilisim.com\/erzurum-digital-forensics-investigation\/"},"modified":"2025-09-23T01:00:37","modified_gmt":"2025-09-22T22:00:37","slug":"erzurum-digital-forensics-investigation","status":"publish","type":"page","link":"https:\/\/kriminalbilisim.com\/en\/erzurum-digital-forensics-investigation\/","title":{"rendered":"Erzurum Digital Forensics Investigation"},"content":{"rendered":"\t\t<div data-elementor-type=\"wp-page\" data-elementor-id=\"5838\" class=\"elementor elementor-5838 elementor-4604\" data-elementor-post-type=\"page\">\n\t\t\t\t<div class=\"elementor-element elementor-element-635346e e-flex e-con-boxed e-con e-parent\" data-id=\"635346e\" data-element_type=\"container\" data-e-type=\"container\">\n\t\t\t\t\t<div class=\"e-con-inner\">\n\t\t\t\t<div class=\"elementor-element elementor-element-155d312 elementor-widget elementor-widget-text-editor\" data-id=\"155d312\" data-element_type=\"widget\" data-e-type=\"widget\" data-widget_type=\"text-editor.default\">\n\t\t\t\t<div class=\"elementor-widget-container\">\n\t\t\t\t\t\t\t\t\t<h1 data-start=\"0\" data-end=\"88\"><span style=\"color: #000000;\">Erzurum Digital Forensics Investigation \u2013 DNA Criminal and Computer Forensics | Next Generation Criminal Solutions<\/span><\/h1><p data-start=\"90\" data-end=\"574\"><span style=\"color: #000000;\"><strong data-start=\"90\" data-end=\"118\">Erzurum digital forensics investigation<\/strong> provides end-to-end solutions for <strong data-start=\"90\" data-end=\"118\">Erzurum<\/strong> <strong data-start=\"177\" data-end=\"196\">cybercrime<\/strong>, <strong data-start=\"90\" data-end=\"118\">Erzurum<\/strong> <strong data-start=\"198\" data-end=\"224\">digital evidence analysis<\/strong> and <strong data-start=\"90\" data-end=\"118\">Erzurum<\/strong> <strong data-start=\"228\" data-end=\"246\">cybersecurity<\/strong> needs in a city known for its public and university ecosystem. <strong data-start=\"284\" data-end=\"347\">DNA Criminal and Computer Forensics \u2013 Next Generation Criminal Solutions<\/strong>, <strong data-start=\"90\" data-end=\"118\">Erzurum<\/strong> <strong data-start=\"360\" data-end=\"376\">computer forensics<\/strong>, <strong data-start=\"90\" data-end=\"118\">Erzurum<\/strong> <strong data-start=\"378\" data-end=\"395\">data recovery<\/strong>,      <strong data-start=\"90\" data-end=\"118\">Erzurum<\/strong> <strong data-start=\"397\" data-end=\"421\">mobile device analysis<\/strong>, <strong data-start=\"90\" data-end=\"118\">Erzurum<\/strong> <strong data-start=\"423\" data-end=\"458\">email and social media analysis<\/strong> produces <strong data-start=\"521\" data-end=\"540\">court-admissible<\/strong>, <strong data-start=\"542\" data-end=\"557\">traceable<\/strong> results with its expert team and laboratory infrastructure in critical areas.<\/span><\/p><hr data-start=\"576\" data-end=\"579\"><h2 data-start=\"581\" data-end=\"639\"><span style=\"color: #000000;\">Why Choose Erzurum Digital Forensics and Erzurum Computer Forensics?<\/span><\/h2><ul data-start=\"641\" data-end=\"1291\"><li data-start=\"641\" data-end=\"832\"><p data-start=\"643\" data-end=\"832\"><span style=\"color: #000000;\"><strong data-start=\"643\" data-end=\"678\">Digital evidence collection &amp; analysis:<\/strong> <strong data-start=\"750\" data-end=\"768\">Forensic imaging<\/strong>, <strong data-start=\"770\" data-end=\"785\">log analysis<\/strong> and <strong data-start=\"789\" data-end=\"819\">timeline<\/strong> creation from computers, servers, cloud accounts, mobile devices, and external media.<\/span><\/p><\/li><li data-start=\"833\" data-end=\"998\"><p data-start=\"835\" data-end=\"998\"><span style=\"color: #000000;\"><strong data-start=\"835\" data-end=\"860\">Cyber threat detection:<\/strong> Technical investigation of <strong data-start=\"861\" data-end=\"886\">phishing<\/strong>, <strong data-start=\"888\" data-end=\"907\">malware<\/strong>, <strong data-start=\"909\" data-end=\"936\">corporate data leaks<\/strong>, and <strong data-start=\"938\" data-end=\"965\">financial fraud<\/strong> cases.<\/span><\/p><\/li><li data-start=\"999\" data-end=\"1157\"><p data-start=\"1001\" data-end=\"1157\"><span style=\"color: #000000;\"><strong data-start=\"1001\" data-end=\"1026\">Legal process support:<\/strong> <strong data-start=\"1027\" data-end=\"1061\">Expert witness qualified forensic reports<\/strong>, <strong data-start=\"1063\" data-end=\"1112\">chain of custody<\/strong> and court-admissible documentation.<\/span><\/p><\/li><li data-start=\"1158\" data-end=\"1291\"><p data-start=\"1160\" data-end=\"1291\"><span style=\"color: #000000;\"><strong data-start=\"1160\" data-end=\"1175\">KVKK compliance:<\/strong> <strong data-start=\"1176\" data-end=\"1184\">KVKK<\/strong> and relevant legislation-compliant <strong data-start=\"1210\" data-end=\"1241\">cybersecurity consulting<\/strong>, auditing, and planning of technical\/administrative measures.<\/span><\/p><\/li><\/ul><p data-start=\"1293\" data-end=\"1499\"><span style=\"color: #000000;\">As <strong data-start=\"1293\" data-end=\"1325\">DNA Criminal and Computer Forensics<\/strong>, we conduct <strong data-start=\"1334\" data-end=\"1362\">Erzurum digital forensics investigation<\/strong> projects for both individuals and organizations with a methodology that is <strong data-start=\"1409\" data-end=\"1418\">fast<\/strong>, <strong data-start=\"1420\" data-end=\"1435\">traceable<\/strong> and preserves <strong data-start=\"1439\" data-end=\"1460\">evidence integrity<\/strong>.<\/span><\/p><hr data-start=\"1501\" data-end=\"1504\"><h2 data-start=\"1506\" data-end=\"1549\"><span style=\"color: #000000;\">Erzurum Digital Forensics Investigation and Erzurum Computer Forensics and <strong data-start=\"90\" data-end=\"118\">Erzurum<\/strong> Digital Evidence Analysis<\/span><\/h2><ul data-start=\"1602\" data-end=\"1866\"><li data-start=\"1602\" data-end=\"1684\"><p data-start=\"1604\" data-end=\"1684\"><span style=\"color: #000000;\">Analysis of <strong data-start=\"1652\" data-end=\"1670\">forensic images<\/strong> acquired by law enforcement at the scene or in laboratory<\/span><\/p><\/li><li data-start=\"1685\" data-end=\"1794\"><p data-start=\"1687\" data-end=\"1794\"><span style=\"color: #000000;\">Deep analysis of <strong data-start=\"1687\" data-end=\"1707\">file systems<\/strong>, <strong data-start=\"1709\" data-end=\"1730\">email archives<\/strong>, <strong data-start=\"1732\" data-end=\"1752\">chat records<\/strong> and <strong data-start=\"1756\" data-end=\"1778\">cloud accounts<\/strong><\/span><\/p><\/li><li data-start=\"1795\" data-end=\"1866\"><p data-start=\"1797\" data-end=\"1866\"><span style=\"color: #000000;\"><strong data-start=\"1797\" data-end=\"1833\">Expert witness standard reporting<\/strong> and <strong data-start=\"1850\" data-end=\"1866\">expert opinion<\/strong> when required<\/span><\/p><\/li><\/ul><h3 data-start=\"1868\" data-end=\"1908\"><span style=\"color: #000000;\">Erzurum Data Recovery and <strong data-start=\"90\" data-end=\"118\">Erzurum<\/strong> Forensic Analysis<\/span><\/h3><ul data-start=\"1909\" data-end=\"2086\"><li data-start=\"1909\" data-end=\"1995\"><p data-start=\"1911\" data-end=\"1995\"><span style=\"color: #000000;\"><strong data-start=\"1911\" data-end=\"1937\">Erzurum Data recovery Erzurum:<\/strong> recovery from deleted, encrypted, or damaged media<\/span><\/p><\/li><li data-start=\"1996\" data-end=\"2086\"><p data-start=\"1998\" data-end=\"2086\"><span style=\"color: #000000;\"><strong data-start=\"2054\" data-end=\"2070\">Verification<\/strong> and reporting of recovered data according to <strong data-start=\"2019\" data-end=\"2035\">computer forensics<\/strong> criteria<\/span><\/p><\/li><\/ul><h3 data-start=\"2088\" data-end=\"2138\"><span style=\"color: #000000;\">Erzurum Cybersecurity Consulting and Testing<\/span><\/h3><ul data-start=\"2139\" data-end=\"2371\"><li data-start=\"2139\" data-end=\"2232\"><p data-start=\"2141\" data-end=\"2232\"><span style=\"color: #000000;\"><strong data-start=\"2141\" data-end=\"2184\">Penetration testing Erzurum<\/strong>, vulnerability scanning, <strong data-start=\"2204\" data-end=\"2230\">configuration audit<\/strong><\/span><\/p><\/li><li data-start=\"2233\" data-end=\"2320\"><p data-start=\"2235\" data-end=\"2320\"><span style=\"color: #000000;\"><strong data-start=\"2235\" data-end=\"2257\">Incident response (IR)<\/strong>, <strong data-start=\"2259\" data-end=\"2280\">forensic log management<\/strong>, <strong data-start=\"2282\" data-end=\"2318\">threat hunting<\/strong><\/span><\/p><\/li><li data-start=\"2321\" data-end=\"2371\"><p data-start=\"2323\" data-end=\"2371\"><span style=\"color: #000000;\"><strong data-start=\"2323\" data-end=\"2331\">KVKK<\/strong> focused risk mitigation plans and auditing<\/span><\/p><\/li><\/ul><h3 data-start=\"2373\" data-end=\"2405\"><span style=\"color: #000000;\">Erzurum Mobile Device Analysis<\/span><\/h3><ul data-start=\"2406\" data-end=\"2598\"><li data-start=\"2406\" data-end=\"2520\"><p data-start=\"2408\" data-end=\"2520\"><span style=\"color: #000000;\"><strong data-start=\"2501\" data-end=\"2518\">Forensic extraction<\/strong> of <strong data-start=\"2436\" data-end=\"2477\">WhatsApp, Telegram, SMS, location data<\/strong> and media content from <strong data-start=\"2408\" data-end=\"2423\">iOS\/Android<\/strong> devices<\/span><\/p><\/li><li data-start=\"2521\" data-end=\"2598\"><p data-start=\"2523\" data-end=\"2598\"><span style=\"color: #000000;\">Analysis of application data, configuration elements and <strong data-start=\"2566\" data-end=\"2590\">residual artifacts<\/strong><\/span><\/p><\/li><\/ul><h3 data-start=\"2600\" data-end=\"2643\"><span style=\"color: #000000;\">Erzurum Email and Social Media Analysis<\/span><\/h3><ul data-start=\"2644\" data-end=\"2813\"><li data-start=\"2644\" data-end=\"2742\"><p data-start=\"2646\" data-end=\"2742\"><span style=\"color: #000000;\">Investigation of <strong data-start=\"2646\" data-end=\"2680\">email spoofing<\/strong>, phishing, fake accounts and <strong data-start=\"2707\" data-end=\"2729\">reputation attacks<\/strong><\/span><\/p><\/li><li data-start=\"2743\" data-end=\"2813\"><p data-start=\"2745\" data-end=\"2813\"><span style=\"color: #000000;\"><strong data-start=\"2745\" data-end=\"2767\">Social engineering<\/strong> traces and archiving compliant with <strong data-start=\"2778\" data-end=\"2797\">chain of evidence<\/strong><\/span><\/p><\/li><\/ul><blockquote data-start=\"2815\" data-end=\"3074\"><p data-start=\"2817\" data-end=\"3074\"><span style=\"color: #000000;\"><strong data-start=\"2817\" data-end=\"2845\">Natural keywords:<\/strong> <em data-start=\"2846\" data-end=\"3074\">Erzurum digital forensics investigation, Erzurum computer forensics, digital evidence analysis Erzurum, cybersecurity consulting Erzurum, data recovery Erzurum, mobile device analysis Erzurum, penetration testing Erzurum, expert witness report, KVKK compliance.<\/em><\/span><\/p><\/blockquote><hr data-start=\"3076\" data-end=\"3079\"><h2 data-start=\"1506\" data-end=\"1549\"><span style=\"color: #000000;\">Erzurum Digital Forensics Investigation and Erzurum Computer Forensics and <strong data-start=\"90\" data-end=\"118\">Erzurum<\/strong> Digital Evidence Analysis<\/span><\/h2><ul data-start=\"3126\" data-end=\"3451\"><li data-start=\"3126\" data-end=\"3200\"><p data-start=\"3128\" data-end=\"3200\"><span style=\"color: #000000;\"><strong data-start=\"3128\" data-end=\"3155\">Corporate data breach<\/strong> and <strong data-start=\"3159\" data-end=\"3184\">intellectual property violation<\/strong> investigations<\/span><\/p><\/li><li data-start=\"3201\" data-end=\"3287\"><p data-start=\"3203\" data-end=\"3287\"><span style=\"color: #000000;\"><strong data-start=\"3203\" data-end=\"3232\">E-commerce fraud<\/strong>, payment fraud and <strong data-start=\"3256\" data-end=\"3270\">chargeback<\/strong> disputes<\/span><\/p><\/li><li data-start=\"3288\" data-end=\"3362\"><p data-start=\"3290\" data-end=\"3362\"><span style=\"color: #000000;\"><strong data-start=\"3290\" data-end=\"3312\">Employee misconduct<\/strong>, unfair competition and contract violation investigations<\/span><\/p><\/li><li data-start=\"3363\" data-end=\"3451\"><p data-start=\"3365\" data-end=\"3451\"><span style=\"color: #000000;\"><strong data-start=\"3420\" data-end=\"3451\">Digital evidence acquisition<\/strong> in <strong data-start=\"3365\" data-end=\"3380\">family law<\/strong> and <strong data-start=\"3384\" data-end=\"3406\">personal injury<\/strong> cases<\/span><\/p><\/li><\/ul><hr data-start=\"3453\" data-end=\"3456\"><h2 data-start=\"1506\" data-end=\"1549\"><span style=\"color: #000000;\">Erzurum Digital Forensics Investigation and Erzurum Computer Forensics and <strong data-start=\"90\" data-end=\"118\">Erzurum<\/strong> Digital Evidence Analysis<\/span> <span style=\"color: #000000;\">Our Methodology: Transparent, Traceable, Court-Admissible<\/span><\/h2><ol data-start=\"3513\" data-end=\"3930\"><li data-start=\"3513\" data-end=\"3592\"><p data-start=\"3516\" data-end=\"3592\"><span style=\"color: #000000;\"><strong data-start=\"3516\" data-end=\"3545\">Initial assessment &amp; scope<\/strong> \u2013 Clarification of needs and objectives<\/span><\/p><\/li><li data-start=\"3593\" data-end=\"3699\"><p data-start=\"3596\" data-end=\"3699\"><span style=\"color: #000000;\"><strong data-start=\"3596\" data-end=\"3615\">Evidence security<\/strong> \u2013 <strong data-start=\"3662\" data-end=\"3682\">Chain of custody<\/strong> documentation with gas bags, seals and <strong data-start=\"3640\" data-end=\"3648\">hash<\/strong> values<\/span><\/p><\/li><li data-start=\"3700\" data-end=\"3775\"><p data-start=\"3703\" data-end=\"3775\"><span style=\"color: #000000;\"><strong data-start=\"3703\" data-end=\"3738\">Forensic imaging &amp; laboratory analysis<\/strong> \u2013 Always working on copies<\/span><\/p><\/li><li data-start=\"3776\" data-end=\"3856\"><p data-start=\"3779\" data-end=\"3856\"><span style=\"color: #000000;\"><strong data-start=\"3779\" data-end=\"3793\">Correlation<\/strong> \u2013 Timeline, log matching and event flow reconstruction<\/span><\/p><\/li><li data-start=\"3857\" data-end=\"3930\"><p data-start=\"3860\" data-end=\"3930\"><span style=\"color: #000000;\"><strong data-start=\"3860\" data-end=\"3877\">Report &amp; presentation<\/strong> \u2013 Clear, technical and <strong data-start=\"3896\" data-end=\"3924\">court-admissible<\/strong> report<\/span><\/p><\/li><\/ol><hr data-start=\"3932\" data-end=\"3935\"><h2 data-start=\"3937\" data-end=\"4006\"><span style=\"color: #000000;\">Why DNA Criminal and Computer Forensics | Next Generation Criminal Solutions?<\/span><\/h2><ul data-start=\"4007\" data-end=\"4376\"><li data-start=\"4007\" data-end=\"4096\"><p data-start=\"4009\" data-end=\"4096\"><span style=\"color: #000000;\"><strong data-start=\"4009\" data-end=\"4036\">Erzurum-focused experience:<\/strong> Field experience in public, education, healthcare, and SME ecosystem<\/span><\/p><\/li><li data-start=\"4097\" data-end=\"4204\"><p data-start=\"4099\" data-end=\"4204\"><span style=\"color: #000000;\"><strong data-start=\"4099\" data-end=\"4120\">Current toolset:<\/strong> Industry-standard <strong data-start=\"4140\" data-end=\"4156\">computer forensics<\/strong>, <strong data-start=\"4158\" data-end=\"4174\">mobile analysis<\/strong> and <strong data-start=\"4178\" data-end=\"4188\">SOC\/IR<\/strong> technologies<\/span><\/p><\/li><li data-start=\"4205\" data-end=\"4288\"><p data-start=\"4207\" data-end=\"4288\"><span style=\"color: #000000;\"><strong data-start=\"4207\" data-end=\"4224\">Quick access:<\/strong> <strong data-start=\"4266\" data-end=\"4286\">On-site response<\/strong> in Erzurum center and throughout Eastern Anatolia<\/span><\/p><\/li><li data-start=\"4289\" data-end=\"4376\"><p data-start=\"4291\" data-end=\"4376\"><span style=\"color: #000000;\"><strong data-start=\"4291\" data-end=\"4311\">Confidentiality &amp; compliance:<\/strong> Strict <strong data-start=\"4317\" data-end=\"4342\">non-disclosure agreements<\/strong>, <strong data-start=\"4344\" data-end=\"4352\">PDPL<\/strong> and <strong data-start=\"4356\" data-end=\"4364\">ethical<\/strong> standards<\/span><\/p><\/li><\/ul><hr data-start=\"4378\" data-end=\"4381\"><h2 data-start=\"1506\" data-end=\"1549\"><span style=\"color: #000000;\">Erzurum Digital Forensics Investigation and Erzurum Computer Forensics and <strong data-start=\"90\" data-end=\"118\">Erzurum<\/strong> Digital Evidence Analysis<\/span><\/h2><p data-start=\"4430\" data-end=\"4695\"><span style=\"color: #000000;\"><strong data-start=\"4430\" data-end=\"4575\">Yakutiye, Paland\u00f6ken, Aziziye, Oltu, Pasinler, Horasan, A\u015fkale, Tortum, Narman, H\u0131n\u0131s, K\u00f6pr\u00fck\u00f6y, Kara\u00e7oban, Tekman, \u0130spir, \u015eenkaya, Uzundere.<\/strong><\/span><br data-start=\"4575\" data-end=\"4578\"><span style=\"color: #000000;\"><em data-start=\"4578\" data-end=\"4695\">Note: <strong data-start=\"4616\" data-end=\"4644\">Digital forensics investigation<\/strong> and <strong data-start=\"4648\" data-end=\"4671\">remote forensic analysis<\/strong> options are available throughout Erzurum and surrounding provinces.<\/em><\/span><\/p><hr data-start=\"4697\" data-end=\"4700\"><h2 data-start=\"4702\" data-end=\"4730\"><span style=\"color: #000000;\">Frequently Asked Questions (FAQ)<\/span><\/h2><p data-start=\"4732\" data-end=\"4905\"><span style=\"color: #000000;\"><strong data-start=\"4732\" data-end=\"4798\">How long does the Erzurum digital forensics \/ Erzurum computer forensics process take?<\/strong><\/span><br data-start=\"4798\" data-end=\"4801\"><span style=\"color: #000000;\">It varies depending on scope, data volume, and device type. A detailed plan and schedule are shared after initial assessment. <\/span><\/p><p data-start=\"4907\" data-end=\"5102\"><span style=\"color: #000000;\"><strong data-start=\"4907\" data-end=\"4953\">Can deleted data be fully recovered in Erzurum?<\/strong><\/span><br data-start=\"4953\" data-end=\"4956\"><span style=\"color: #000000;\">Success depends on device condition, new data overwrites, and file system. Maximum recovery is targeted through <strong data-start=\"5037\" data-end=\"5059\">forensic data recovery<\/strong> approach.<\/span><\/p><p data-start=\"5104\" data-end=\"5246\"><span style=\"color: #000000;\"><strong data-start=\"5104\" data-end=\"5143\">Are the reports valid in court in Erzurum?<\/strong><\/span><br data-start=\"5143\" data-end=\"5146\"><span style=\"color: #000000;\">Our reports comply with <strong data-start=\"5159\" data-end=\"5175\">computer forensics<\/strong> standards; supported by <strong data-start=\"5201\" data-end=\"5220\">evidence integrity<\/strong> documentation.<\/span><\/p><p data-start=\"5248\" data-end=\"5393\"><span style=\"color: #000000;\"><strong data-start=\"5248\" data-end=\"5287\">Can you perform remote analysis?<\/strong><\/span><br data-start=\"5287\" data-end=\"5290\"><span style=\"color: #000000;\">Yes. In suitable cases, <strong data-start=\"5312\" data-end=\"5341\">remote collection and analysis<\/strong> is supported by remote <strong data-start=\"5356\" data-end=\"5376\">intervention<\/strong> when necessary. <\/span><\/p><h2><span style=\"color: #333399;\">Contact<\/span><\/h2><p><span style=\"color: #000000;\"><strong><img decoding=\"async\" class=\"emoji\" role=\"img\" draggable=\"false\" src=\"https:\/\/s.w.org\/images\/core\/emoji\/16.0.1\/svg\/1f3af.svg\" alt=\"\ud83c\udfaf\" title=\"\"><\/strong>  For technical support, forensic reporting, and professional defense;<\/span><\/p><p data-start=\"1307\" data-end=\"1415\"><span style=\"color: #0000ff;\"><img decoding=\"async\" class=\"\" role=\"img\" draggable=\"false\" src=\"https:\/\/s.w.org\/images\/core\/emoji\/16.0.1\/svg\/1f4e9.svg\" alt=\"\ud83d\udce9\" width=\"21\" height=\"21\" title=\"\"> <strong data-start=\"1388\" data-end=\"1415\"><a style=\"color: #0000ff;\" href=\"http:\/\/www.kriminalbilisim.com\" target=\"_blank\" rel=\"noopener\" data-start=\"1390\" data-end=\"1413\">www.kriminalbilisim.com<\/a><\/strong><\/span><\/p><p data-start=\"1417\" data-end=\"1463\"><span style=\"color: #0000ff;\"> <a style=\"color: #0000ff;\" href=\"https:\/\/api.whatsapp.com\/send\/?phone=905526761100&amp;text&amp;type=phone_number&amp;app_absent=0\" target=\"_blank\" rel=\"noopener nofollow\"><img decoding=\"async\" class=\"\" role=\"img\" draggable=\"false\" src=\"https:\/\/s.w.org\/images\/core\/emoji\/16.0.1\/svg\/1f4de.svg\" alt=\"\ud83d\udcde\" width=\"24\" height=\"24\" title=\"\"><strong> 0552 676 11 00<\/strong><\/a> \u2013 <img decoding=\"async\" class=\"\" role=\"img\" draggable=\"false\" src=\"https:\/\/s.w.org\/images\/core\/emoji\/16.0.1\/svg\/1f4e7.svg\" alt=\"\ud83d\udce7\" width=\"22\" height=\"22\" title=\"\"> <a style=\"color: #0000ff;\" href=\"https:\/\/mail.google.com\/mail\/u\/0\/?fs=1&amp;tf=cm&amp;source=mailto&amp;to=dna@kriminalbilisim.com\" target=\"_blank\" rel=\"noopener\" data-start=\"1440\" data-end=\"1463\">dna@kriminalbilisim.com<\/a> <\/span><\/p>\t\t\t\t\t\t\t\t<\/div>\n\t\t\t\t<\/div>\n\t\t\t\t\t<\/div>\n\t\t\t\t<\/div>\n\t\t\t\t<\/div>\n\t\t","protected":false},"excerpt":{"rendered":"<p>Erzurum Digital Forensics Investigation \u2013 DNA Criminal and Computer Forensics | Next Generation Criminal Solutions Erzurum digital forensics investigation provides end-to-end solutions for Erzurum cybercrime, Erzurum digital evidence analysis and Erzurum cybersecurity needs in a city known for its public and university ecosystem. DNA Criminal and Computer Forensics \u2013 Next Generation Criminal Solutions, Erzurum computer [&hellip;]<\/p>\n","protected":false},"author":1,"featured_media":0,"parent":0,"menu_order":0,"comment_status":"closed","ping_status":"closed","template":"","meta":{"footnotes":""},"class_list":["post-5838","page","type-page","status-publish","hentry"],"_links":{"self":[{"href":"https:\/\/kriminalbilisim.com\/en\/wp-json\/wp\/v2\/pages\/5838","targetHints":{"allow":["GET"]}}],"collection":[{"href":"https:\/\/kriminalbilisim.com\/en\/wp-json\/wp\/v2\/pages"}],"about":[{"href":"https:\/\/kriminalbilisim.com\/en\/wp-json\/wp\/v2\/types\/page"}],"author":[{"embeddable":true,"href":"https:\/\/kriminalbilisim.com\/en\/wp-json\/wp\/v2\/users\/1"}],"replies":[{"embeddable":true,"href":"https:\/\/kriminalbilisim.com\/en\/wp-json\/wp\/v2\/comments?post=5838"}],"version-history":[{"count":0,"href":"https:\/\/kriminalbilisim.com\/en\/wp-json\/wp\/v2\/pages\/5838\/revisions"}],"wp:attachment":[{"href":"https:\/\/kriminalbilisim.com\/en\/wp-json\/wp\/v2\/media?parent=5838"}],"curies":[{"name":"wp","href":"https:\/\/api.w.org\/{rel}","templated":true}]}}