{"id":5922,"date":"2025-08-24T14:02:06","date_gmt":"2025-08-24T11:02:06","guid":{"rendered":"https:\/\/kriminalbilisim.com\/konya-digital-forensics-investigation\/"},"modified":"2025-09-23T01:01:24","modified_gmt":"2025-09-22T22:01:24","slug":"konya-digital-forensics-investigation","status":"publish","type":"page","link":"https:\/\/kriminalbilisim.com\/en\/konya-digital-forensics-investigation\/","title":{"rendered":"Konya Digital Forensics Investigation"},"content":{"rendered":"\t\t<div data-elementor-type=\"wp-page\" data-elementor-id=\"5922\" class=\"elementor elementor-5922 elementor-4566\" data-elementor-post-type=\"page\">\n\t\t\t\t<div class=\"elementor-element elementor-element-388d6f7 e-flex e-con-boxed e-con e-parent\" data-id=\"388d6f7\" data-element_type=\"container\" data-e-type=\"container\">\n\t\t\t\t\t<div class=\"e-con-inner\">\n\t\t\t\t<div class=\"elementor-element elementor-element-12ce17a elementor-widget elementor-widget-text-editor\" data-id=\"12ce17a\" data-element_type=\"widget\" data-e-type=\"widget\" data-widget_type=\"text-editor.default\">\n\t\t\t\t<div class=\"elementor-widget-container\">\n\t\t\t\t\t\t\t\t\t<h1 data-start=\"0\" data-end=\"68\"><span style=\"color: #000000;\">Konya Digital Forensics Investigation \u2013 DNA Criminal and Computer Forensics Consulting<\/span><\/h1><p data-start=\"70\" data-end=\"544\"><span style=\"color: #000000;\"><strong data-start=\"70\" data-end=\"96\">Konya digital forensics investigation<\/strong> provides end-to-end solutions for <strong data-start=\"70\" data-end=\"96\">Konya<\/strong> <strong data-start=\"167\" data-end=\"186\">cybercrime<\/strong>, <strong data-start=\"70\" data-end=\"96\">Konya<\/strong> <strong data-start=\"188\" data-end=\"214\">digital evidence examination<\/strong> and <strong data-start=\"70\" data-end=\"96\">Konya<\/strong> <strong data-start=\"218\" data-end=\"236\">cybersecurity<\/strong> needs in a city with dense industrial, agricultural, and university ecosystem. <strong data-start=\"274\" data-end=\"319\">DNA Criminal and Computer Forensics Consulting<\/strong>, <strong data-start=\"70\" data-end=\"96\">Konya<\/strong> <strong data-start=\"330\" data-end=\"346\">computer forensics<\/strong>, <strong data-start=\"70\" data-end=\"96\">Konya<\/strong> <strong data-start=\"348\" data-end=\"365\">data recovery<\/strong>,     <strong data-start=\"70\" data-end=\"96\">Konya<\/strong> <strong data-start=\"367\" data-end=\"391\">mobile device analysis<\/strong>, <strong data-start=\"70\" data-end=\"96\">Konya<\/strong> <strong data-start=\"393\" data-end=\"428\">email and social media analysis<\/strong> produces <strong data-start=\"491\" data-end=\"510\">court-admissible<\/strong>, <strong data-start=\"512\" data-end=\"527\">traceable<\/strong> results with its expert team and laboratory infrastructure in critical areas.<\/span><\/p><hr data-start=\"546\" data-end=\"549\"><h2 data-start=\"551\" data-end=\"630\"><span style=\"color: #000000;\">Why are Konya Digital Forensics and Konya Computer Forensics Services Necessary?<\/span><\/h2><ul data-start=\"632\" data-end=\"1258\"><li data-start=\"632\" data-end=\"821\"><p data-start=\"634\" data-end=\"821\"><span style=\"color: #000000;\"><strong data-start=\"634\" data-end=\"670\">Digital evidence collection and analysis:<\/strong> Creating <strong data-start=\"759\" data-end=\"774\">log analysis<\/strong> and <strong data-start=\"778\" data-end=\"808\">timeline<\/strong> through <strong data-start=\"70\" data-end=\"96\">Konya<\/strong> <strong data-start=\"739\" data-end=\"757\">forensic imaging<\/strong> from computers, servers, cloud accounts, <strong data-start=\"70\" data-end=\"96\">Konya<\/strong> mobile devices and external media.<\/span><\/p><\/li><li data-start=\"822\" data-end=\"994\"><p data-start=\"824\" data-end=\"994\"><span style=\"color: #000000;\"><strong data-start=\"824\" data-end=\"854\">Konya Cyber threat detection:<\/strong> Technical examination of <strong data-start=\"855\" data-end=\"880\">phishing<\/strong>, <strong data-start=\"882\" data-end=\"901\">malware<\/strong>, <strong data-start=\"903\" data-end=\"930\">corporate data breach<\/strong> and <strong data-start=\"934\" data-end=\"961\">financial fraud<\/strong> cases.<\/span><\/p><\/li><li data-start=\"995\" data-end=\"1146\"><p data-start=\"997\" data-end=\"1146\"><span style=\"color: #000000;\"><strong data-start=\"997\" data-end=\"1022\">Legal process support:<\/strong> <strong data-start=\"1023\" data-end=\"1057\">Expert witness qualified forensic reports<\/strong>, <strong data-start=\"1059\" data-end=\"1089\">chain of custody<\/strong> management, and court-admissible documentation.<\/span><\/p><\/li><li data-start=\"1147\" data-end=\"1258\"><p data-start=\"1149\" data-end=\"1258\"><span style=\"color: #000000;\"><strong data-start=\"1149\" data-end=\"1180\">GDPR compliance and risk mitigation:<\/strong> <strong data-start=\"1215\" data-end=\"1246\">Cybersecurity consulting<\/strong> and auditing in compliance with <strong data-start=\"1181\" data-end=\"1189\">GDPR<\/strong> and related regulations.<\/span><\/p><\/li><\/ul><p data-start=\"1260\" data-end=\"1453\"><span style=\"color: #000000;\"><strong data-start=\"1260\" data-end=\"1292\">DNA Criminal and Computer Forensics<\/strong> conducts <strong data-start=\"1294\" data-end=\"1320\">Konya digital forensics investigation<\/strong> processes for both individuals and organizations with a methodology that is <strong data-start=\"1367\" data-end=\"1376\">fast<\/strong>, <strong data-start=\"1378\" data-end=\"1393\">traceable<\/strong> and <strong data-start=\"1397\" data-end=\"1426\">preserves evidence integrity<\/strong>.<\/span><\/p><hr data-start=\"1455\" data-end=\"1458\"><h2 data-start=\"1460\" data-end=\"1501\"><span style=\"color: #000000;\">Konya Digital Forensics Investigation and <\/span><span style=\"color: #000000;\">Konya Computer Forensics and Digital Evidence Examination<\/span><\/h2><ul data-start=\"1552\" data-end=\"1844\"><li data-start=\"1552\" data-end=\"1649\"><p data-start=\"1554\" data-end=\"1649\"><span style=\"color: #000000;\">Examination of <strong data-start=\"1617\" data-end=\"1635\">forensic images<\/strong> collected by law enforcement on-site or in laboratory<\/span><\/p><\/li><li data-start=\"1650\" data-end=\"1772\"><p data-start=\"1652\" data-end=\"1772\"><span style=\"color: #000000;\">In-depth analysis of <strong data-start=\"1652\" data-end=\"1672\">file systems<\/strong>, <strong data-start=\"1674\" data-end=\"1695\">email archives<\/strong>, <strong data-start=\"1697\" data-end=\"1717\">chat logs<\/strong>, and <strong data-start=\"1721\" data-end=\"1740\">cloud accounts<\/strong><\/span><\/p><\/li><li data-start=\"1773\" data-end=\"1844\"><p data-start=\"1775\" data-end=\"1844\"><span style=\"color: #000000;\"><strong data-start=\"1775\" data-end=\"1811\">Konya Expert-level reporting<\/strong> and <strong data-start=\"1828\" data-end=\"1844\">expert opinion<\/strong> when needed<\/span><\/p><\/li><\/ul><h3 data-start=\"1846\" data-end=\"1884\"><span style=\"color: #000000;\">Konya Data Recovery and Forensic Analysis<\/span><\/h3><ul data-start=\"1885\" data-end=\"2060\"><li data-start=\"1885\" data-end=\"1969\"><p data-start=\"1887\" data-end=\"1969\"><span style=\"color: #000000;\"><strong data-start=\"1887\" data-end=\"1911\">Data recovery Konya:<\/strong> recovery from deleted, encrypted, or damaged media<\/span><\/p><\/li><li data-start=\"1970\" data-end=\"2060\"><p data-start=\"1972\" data-end=\"2060\"><span style=\"color: #000000;\"><strong data-start=\"2028\" data-end=\"2044\">Verification<\/strong> and reporting of recovered data according to <strong data-start=\"1993\" data-end=\"2009\">computer forensics<\/strong> criteria<\/span><\/p><\/li><\/ul><h3 data-start=\"2062\" data-end=\"2110\"><span style=\"color: #000000;\">Konya Cybersecurity Consulting and Testing<\/span><\/h3><ul data-start=\"2111\" data-end=\"2343\"><li data-start=\"2111\" data-end=\"2204\"><p data-start=\"2113\" data-end=\"2204\"><span style=\"color: #000000;\"><strong data-start=\"2113\" data-end=\"2154\">Penetration testing Konya<\/strong>, vulnerability scanning and <strong data-start=\"2176\" data-end=\"2202\">configuration audit<\/strong><\/span><\/p><\/li><li data-start=\"2205\" data-end=\"2292\"><p data-start=\"2207\" data-end=\"2292\"><span style=\"color: #000000;\"><strong data-start=\"2207\" data-end=\"2229\">Incident response (IR)<\/strong>, <strong data-start=\"2231\" data-end=\"2252\">forensic log management<\/strong>, <strong data-start=\"2254\" data-end=\"2290\">threat hunting<\/strong><\/span><\/p><\/li><li data-start=\"2293\" data-end=\"2343\"><p data-start=\"2295\" data-end=\"2343\"><span style=\"color: #000000;\"><strong data-start=\"2295\" data-end=\"2303\">PDPL<\/strong> focused technical and administrative measure recommendations<\/span><\/p><\/li><\/ul><h3 data-start=\"2345\" data-end=\"2375\"><span style=\"color: #000000;\">Konya Mobile Device Analysis<\/span><\/h3><ul data-start=\"2376\" data-end=\"2560\"><li data-start=\"2376\" data-end=\"2490\"><p data-start=\"2378\" data-end=\"2490\"><span style=\"color: #000000;\"><strong data-start=\"2471\" data-end=\"2488\">Forensic extraction<\/strong> of <strong data-start=\"2406\" data-end=\"2447\">WhatsApp, Telegram, SMS, location data<\/strong> and media content from <strong data-start=\"2378\" data-end=\"2393\">iOS\/Android<\/strong> devices<\/span><\/p><\/li><li data-start=\"2491\" data-end=\"2560\"><p data-start=\"2493\" data-end=\"2560\"><span style=\"color: #000000;\">Analysis of application data, configuration, and <strong data-start=\"2528\" data-end=\"2552\">residual artifacts<\/strong><\/span><\/p><\/li><\/ul><h3 data-start=\"2562\" data-end=\"2603\"><span style=\"color: #000000;\">Konya Email and Social Media Analysis<\/span><\/h3><ul data-start=\"2604\" data-end=\"2773\"><li data-start=\"2604\" data-end=\"2702\"><p data-start=\"2606\" data-end=\"2702\"><span style=\"color: #000000;\">Investigation of <strong data-start=\"2606\" data-end=\"2640\">email spoofing<\/strong>, phishing, fake accounts and <strong data-start=\"2667\" data-end=\"2689\">reputation attacks<\/strong><\/span><\/p><\/li><li data-start=\"2703\" data-end=\"2773\"><p data-start=\"2705\" data-end=\"2773\"><span style=\"color: #000000;\"><strong data-start=\"2705\" data-end=\"2727\">Social engineering<\/strong> traces and archiving compliant with <strong data-start=\"2738\" data-end=\"2757\">chain of evidence<\/strong><\/span><\/p><\/li><\/ul><blockquote data-start=\"2775\" data-end=\"3020\"><p data-start=\"2777\" data-end=\"3020\"><span style=\"color: #000000;\"><strong data-start=\"2777\" data-end=\"2805\">Natural keywords:<\/strong> <em data-start=\"2806\" data-end=\"3020\">Konya digital forensics investigation, Konya computer forensics, digital evidence examination Konya, cybersecurity consulting Konya, data recovery Konya, mobile device analysis Konya, penetration testing Konya, expert report, GDPR compliance.<\/em><\/span><\/p><\/blockquote><hr data-start=\"3022\" data-end=\"3025\"><h2 data-start=\"3027\" data-end=\"3069\"><span style=\"color: #000000;\">Featured Use Cases in Konya<\/span><\/h2><ul data-start=\"3070\" data-end=\"3394\"><li data-start=\"3070\" data-end=\"3144\"><p data-start=\"3072\" data-end=\"3144\"><span style=\"color: #000000;\"><strong data-start=\"3072\" data-end=\"3099\">Corporate data breach<\/strong> and <strong data-start=\"3103\" data-end=\"3128\">intellectual property violation<\/strong> investigations<\/span><\/p><\/li><li data-start=\"3145\" data-end=\"3231\"><p data-start=\"3147\" data-end=\"3231\"><span style=\"color: #000000;\"><strong data-start=\"3147\" data-end=\"3176\">E-commerce fraud<\/strong>, payment fraud and <strong data-start=\"3200\" data-end=\"3214\">chargeback<\/strong> disputes<\/span><\/p><\/li><li data-start=\"3232\" data-end=\"3306\"><p data-start=\"3234\" data-end=\"3306\"><span style=\"color: #000000;\"><strong data-start=\"3234\" data-end=\"3256\">Employee misconduct<\/strong>, unfair competition and contract violation investigations<\/span><\/p><\/li><li data-start=\"3307\" data-end=\"3394\"><p data-start=\"3309\" data-end=\"3394\"><span style=\"color: #000000;\"><strong data-start=\"3363\" data-end=\"3394\">Digital evidence acquisition<\/strong> in <strong data-start=\"3309\" data-end=\"3324\">family law<\/strong> and <strong data-start=\"3328\" data-end=\"3350\">personal injury<\/strong> cases<\/span><\/p><\/li><\/ul><hr data-start=\"3396\" data-end=\"3399\"><h2 data-start=\"3401\" data-end=\"3468\"><span style=\"color: #000000;\">Our Computer Forensics Methodology: Transparent, Traceable, Court-Admissible<\/span><\/h2><ol data-start=\"3469\" data-end=\"3907\"><li data-start=\"3469\" data-end=\"3553\"><p data-start=\"3472\" data-end=\"3553\"><span style=\"color: #000000;\"><strong data-start=\"3472\" data-end=\"3511\">Initial assessment &amp; scope definition<\/strong> \u2013 Clarification of needs and objectives<\/span><\/p><\/li><li data-start=\"3554\" data-end=\"3660\"><p data-start=\"3557\" data-end=\"3660\"><span style=\"color: #000000;\"><strong data-start=\"3557\" data-end=\"3576\">Evidence security<\/strong> \u2013 <strong data-start=\"3623\" data-end=\"3643\">Chain of custody<\/strong> documentation with gas bags, seals and <strong data-start=\"3601\" data-end=\"3609\">hash<\/strong> values<\/span><\/p><\/li><li data-start=\"3661\" data-end=\"3735\"><p data-start=\"3664\" data-end=\"3735\"><span style=\"color: #000000;\"><strong data-start=\"3664\" data-end=\"3699\">Forensic imaging &amp; laboratory analysis<\/strong> \u2013 Working only with copies<\/span><\/p><\/li><li data-start=\"3736\" data-end=\"3832\"><p data-start=\"3739\" data-end=\"3832\"><span style=\"color: #000000;\"><strong data-start=\"3739\" data-end=\"3765\">Correlation of findings<\/strong> \u2013 Timeline, log matching and event flow reconstruction<\/span><\/p><\/li><li data-start=\"3833\" data-end=\"3907\"><p data-start=\"3836\" data-end=\"3907\"><span style=\"color: #000000;\"><strong data-start=\"3836\" data-end=\"3854\">Report and presentation<\/strong> \u2013 Clear, technical and <strong data-start=\"3873\" data-end=\"3901\">court-admissible<\/strong> report<\/span><\/p><\/li><\/ol><hr data-start=\"3909\" data-end=\"3912\"><h2 data-start=\"3914\" data-end=\"3965\"><span style=\"color: #000000;\">Why DNA Criminal and Computer Forensics Consultancy?<\/span><\/h2><ul data-start=\"3966\" data-end=\"4352\"><li data-start=\"3966\" data-end=\"4080\"><p data-start=\"3968\" data-end=\"4080\"><span style=\"color: #000000;\"><strong data-start=\"3968\" data-end=\"3993\">Konya-focused experience:<\/strong> Field experience in industry, automotive supply industry, agriculture-food, education, and SME ecosystem<\/span><\/p><\/li><li data-start=\"4081\" data-end=\"4188\"><p data-start=\"4083\" data-end=\"4188\"><span style=\"color: #000000;\"><strong data-start=\"4083\" data-end=\"4104\">Current toolset:<\/strong> Industry-standard <strong data-start=\"4124\" data-end=\"4140\">computer forensics<\/strong>, <strong data-start=\"4142\" data-end=\"4158\">mobile analysis<\/strong> and <strong data-start=\"4162\" data-end=\"4172\">SOC\/IR<\/strong> technologies<\/span><\/p><\/li><li data-start=\"4189\" data-end=\"4269\"><p data-start=\"4191\" data-end=\"4269\"><span style=\"color: #000000;\"><strong data-start=\"4191\" data-end=\"4208\">Quick access:<\/strong> <strong data-start=\"4247\" data-end=\"4267\">On-site response<\/strong> in Konya center and Central Anatolia region<\/span><\/p><\/li><li data-start=\"4270\" data-end=\"4352\"><p data-start=\"4272\" data-end=\"4352\"><span style=\"color: #000000;\"><strong data-start=\"4272\" data-end=\"4294\">Trust and confidentiality:<\/strong> Strict <strong data-start=\"4300\" data-end=\"4325\">non-disclosure agreements<\/strong>, <strong data-start=\"4327\" data-end=\"4335\">GDPR<\/strong> and <strong data-start=\"4339\" data-end=\"4347\">ethical<\/strong> compliance<\/span><\/p><\/li><\/ul><hr data-start=\"4354\" data-end=\"4357\"><h2 data-start=\"1460\" data-end=\"1501\"><span style=\"color: #000000;\">Konya Digital Forensics Investigation and <\/span><span style=\"color: #000000;\">Konya Computer Forensics and Digital Evidence Examination<\/span><\/h2><p data-start=\"4404\" data-end=\"4768\"><span style=\"color: #000000;\"><strong data-start=\"4404\" data-end=\"4650\">Sel\u00e7uklu, Meram, Karatay, Ere\u011fli, Ak\u015fehir, Bey\u015fehir, \u00c7umra, Cihanbeyli, Seydi\u015fehir, Ilg\u0131n, Kulu, Karap\u0131nar, Kad\u0131nhan\u0131, Saray\u00f6n\u00fc, Bozk\u0131r, Do\u011fanhisar, H\u00fcy\u00fck, Derbent, Hadim, Ta\u015fkent, Alt\u0131nekin, Emirgazi, Halkap\u0131nar, Tuzluk\u00e7u, Yal\u0131h\u00fcy\u00fck, Ah\u0131rl\u0131.<\/strong><\/span><br data-start=\"4650\" data-end=\"4653\"><span style=\"color: #000000;\"><em data-start=\"4653\" data-end=\"4768\">Note: <strong data-start=\"4689\" data-end=\"4717\">On-site digital forensics investigation<\/strong> and <strong data-start=\"4721\" data-end=\"4744\">remote forensic analysis<\/strong> options are available throughout Konya and surrounding provinces.<\/em><\/span><\/p><hr data-start=\"4770\" data-end=\"4773\"><h2 data-start=\"4775\" data-end=\"4803\"><span style=\"color: #000000;\">Frequently Asked Questions (FAQ)<\/span><\/h2><p data-start=\"4805\" data-end=\"4985\"><span style=\"color: #000000;\"><strong data-start=\"4805\" data-end=\"4869\">How long does the Konya digital forensics \/ computer forensics process take?<\/strong><\/span><br data-start=\"4869\" data-end=\"4872\"><span style=\"color: #000000;\">It depends on the case scope, data volume, and device type. A detailed work plan and schedule are shared after initial assessment. <\/span><\/p><p data-start=\"4987\" data-end=\"5182\"><span style=\"color: #000000;\"><strong data-start=\"4987\" data-end=\"5033\">Can deleted data be fully recovered?<\/strong><\/span><br data-start=\"5033\" data-end=\"5036\"><span style=\"color: #000000;\">Success depends on device condition, new data overwrites, and file system. Maximum recovery is targeted using <strong data-start=\"5117\" data-end=\"5139\">forensic data recovery<\/strong> approach.<\/span><\/p><p data-start=\"5184\" data-end=\"5343\"><span style=\"color: #000000;\"><strong data-start=\"5184\" data-end=\"5223\">Are the reports valid in court?<\/strong><\/span><br data-start=\"5223\" data-end=\"5226\"><span style=\"color: #000000;\">Our reports are prepared according to <strong data-start=\"5239\" data-end=\"5255\">computer forensics<\/strong> standards, supported by <strong data-start=\"5288\" data-end=\"5307\">evidence integrity<\/strong> and methodology documents.<\/span><\/p><p data-start=\"5345\" data-end=\"5500\"><span style=\"color: #000000;\"><strong data-start=\"5345\" data-end=\"5384\">Can you perform remote analysis?<\/strong><\/span><br data-start=\"5384\" data-end=\"5387\"><span style=\"color: #000000;\">Yes. <strong data-start=\"5409\" data-end=\"5440\">Remote collection and examination<\/strong> is performed in suitable cases; supported by <strong data-start=\"5463\" data-end=\"5483\">on-site intervention<\/strong> when necessary. <\/span><\/p><h2><span style=\"color: #333399;\">Contact<\/span><\/h2><p><span style=\"color: #000000;\"><strong><img decoding=\"async\" class=\"emoji\" role=\"img\" draggable=\"false\" src=\"https:\/\/s.w.org\/images\/core\/emoji\/16.0.1\/svg\/1f3af.svg\" alt=\"\ud83c\udfaf\" title=\"\"><\/strong>  For technical support, forensic reporting, and professional defense;<\/span><\/p><p data-start=\"1307\" data-end=\"1415\"><span style=\"color: #0000ff;\"><img decoding=\"async\" class=\"\" role=\"img\" draggable=\"false\" src=\"https:\/\/s.w.org\/images\/core\/emoji\/16.0.1\/svg\/1f4e9.svg\" alt=\"\ud83d\udce9\" width=\"21\" height=\"21\" title=\"\"> <strong data-start=\"1388\" data-end=\"1415\"><a style=\"color: #0000ff;\" href=\"http:\/\/www.kriminalbilisim.com\" target=\"_blank\" rel=\"noopener\" data-start=\"1390\" data-end=\"1413\">www.kriminalbilisim.com<\/a><\/strong><\/span><\/p><p data-start=\"1417\" data-end=\"1463\"><span style=\"color: #0000ff;\"> <a style=\"color: #0000ff;\" href=\"https:\/\/api.whatsapp.com\/send\/?phone=905526761100&amp;text&amp;type=phone_number&amp;app_absent=0\" target=\"_blank\" rel=\"noopener nofollow\"><img decoding=\"async\" class=\"\" role=\"img\" draggable=\"false\" src=\"https:\/\/s.w.org\/images\/core\/emoji\/16.0.1\/svg\/1f4de.svg\" alt=\"\ud83d\udcde\" width=\"24\" height=\"24\" title=\"\"><strong> 0552 676 11 00<\/strong><\/a> \u2013 <img decoding=\"async\" class=\"\" role=\"img\" draggable=\"false\" src=\"https:\/\/s.w.org\/images\/core\/emoji\/16.0.1\/svg\/1f4e7.svg\" alt=\"\ud83d\udce7\" width=\"22\" height=\"22\" title=\"\"> <a style=\"color: #0000ff;\" href=\"https:\/\/mail.google.com\/mail\/u\/0\/?fs=1&amp;tf=cm&amp;source=mailto&amp;to=dna@kriminalbilisim.com\" target=\"_blank\" rel=\"noopener\" data-start=\"1440\" data-end=\"1463\">dna@kriminalbilisim.com<\/a> <\/span><\/p>\t\t\t\t\t\t\t\t<\/div>\n\t\t\t\t<\/div>\n\t\t\t\t\t<\/div>\n\t\t\t\t<\/div>\n\t\t\t\t<\/div>\n\t\t","protected":false},"excerpt":{"rendered":"<p>Konya Digital Forensics Investigation \u2013 DNA Criminal and Computer Forensics Consulting Konya digital forensics investigation provides end-to-end solutions for Konya cybercrime, Konya digital evidence examination and Konya cybersecurity needs in a city with dense industrial, agricultural, and university ecosystem. DNA Criminal and Computer Forensics Consulting, Konya computer forensics, Konya data recovery, Konya mobile device analysis, [&hellip;]<\/p>\n","protected":false},"author":1,"featured_media":0,"parent":0,"menu_order":0,"comment_status":"closed","ping_status":"closed","template":"","meta":{"footnotes":""},"class_list":["post-5922","page","type-page","status-publish","hentry"],"_links":{"self":[{"href":"https:\/\/kriminalbilisim.com\/en\/wp-json\/wp\/v2\/pages\/5922","targetHints":{"allow":["GET"]}}],"collection":[{"href":"https:\/\/kriminalbilisim.com\/en\/wp-json\/wp\/v2\/pages"}],"about":[{"href":"https:\/\/kriminalbilisim.com\/en\/wp-json\/wp\/v2\/types\/page"}],"author":[{"embeddable":true,"href":"https:\/\/kriminalbilisim.com\/en\/wp-json\/wp\/v2\/users\/1"}],"replies":[{"embeddable":true,"href":"https:\/\/kriminalbilisim.com\/en\/wp-json\/wp\/v2\/comments?post=5922"}],"version-history":[{"count":0,"href":"https:\/\/kriminalbilisim.com\/en\/wp-json\/wp\/v2\/pages\/5922\/revisions"}],"wp:attachment":[{"href":"https:\/\/kriminalbilisim.com\/en\/wp-json\/wp\/v2\/media?parent=5922"}],"curies":[{"name":"wp","href":"https:\/\/api.w.org\/{rel}","templated":true}]}}